{"id":456,"date":"2018-03-14T19:52:04","date_gmt":"2018-03-14T18:52:04","guid":{"rendered":"http:\/\/hsl.hosting-shc.de\/?page_id=456"},"modified":"2018-03-14T19:53:21","modified_gmt":"2018-03-14T18:53:21","slug":"berichtarchiv","status":"publish","type":"page","link":"https:\/\/hsl.hosting-shc.de\/?page_id=456","title":{"rendered":"Berichtarchiv"},"content":{"rendered":"<div id=\"pl-456\"  class=\"panel-layout\" ><div id=\"pg-456-0\"  class=\"panel-grid panel-no-style\" ><div id=\"pgc-456-0-0\"  class=\"panel-grid-cell\" >\n\t\t<div id=\"panel-456-0-0-0\" class=\"so-panel widget widget_recent-posts widget_recent_entries panel-first-child panel-last-child\" data-index=\"0\" >\n\t\t<h3 class=\"widget-title\">Neueste Beitr\u00e4ge<\/h3>\n\t\t<ul>\n\t\t\t\t\t\t\t\t\t\t\t<li>\n\t\t\t\t\t<a href=\"https:\/\/hsl.hosting-shc.de\/?p=1257\">Musizierstunde im Advent<\/a>\n\t\t\t\t\t\t\t\t\t<\/li>\n\t\t\t\t\t\t\t\t\t\t\t<li>\n\t\t\t\t\t<a href=\"https:\/\/hsl.hosting-shc.de\/?p=716\">Auftritt des Seniorenorchesters im AWO Seniorenzentrum 29.06.2019<\/a>\n\t\t\t\t\t\t\t\t\t<\/li>\n\t\t\t\t\t\t\t\t\t\t\t<li>\n\t\t\t\t\t<a href=\"https:\/\/hsl.hosting-shc.de\/?p=691\">Erfolgreicher Tag der offenen T\u00fcr am 26. Mai 2019<\/a>\n\t\t\t\t\t\t\t\t\t<\/li>\n\t\t\t\t\t\t\t\t\t\t\t<li>\n\t\t\t\t\t<a href=\"https:\/\/hsl.hosting-shc.de\/?p=674\">17.11.2019 &#8211; Mitwirkung Volkstrauertag Eggenstein<\/a>\n\t\t\t\t\t\t\t\t\t<\/li>\n\t\t\t\t\t\t\t\t\t\t\t<li>\n\t\t\t\t\t<a href=\"https:\/\/hsl.hosting-shc.de\/?p=678\">Mitgliederversammlung und Ehrenabend vom 26.04.2019, 18 Uhr<\/a>\n\t\t\t\t\t\t\t\t\t<\/li>\n\t\t\t\t\t\t\t\t\t\t\t<li>\n\t\t\t\t\t<a href=\"https:\/\/hsl.hosting-shc.de\/?p=663\">26.04.2019, 19:00 Uhr Mitgliederversammlung und Ehrenabend<\/a>\n\t\t\t\t\t\t\t\t\t<\/li>\n\t\t\t\t\t\t\t\t\t\t\t<li>\n\t\t\t\t\t<a href=\"https:\/\/hsl.hosting-shc.de\/?p=654\">Februar \/ M\u00e4rz &#8211; Neuer Anf\u00e4nger-Cajon-Workshop f\u00fcr Kinder und Jugendliche startet!<\/a>\n\t\t\t\t\t\t\t\t\t<\/li>\n\t\t\t\t\t\t\t\t\t\t\t<li>\n\t\t\t\t\t<a href=\"https:\/\/hsl.hosting-shc.de\/?p=651\">26.05.2019 &#8211; Tag der offenen T\u00fcr beim Harmonika-Spielring<\/a>\n\t\t\t\t\t\t\t\t\t<\/li>\n\t\t\t\t\t\t\t\t\t\t\t<li>\n\t\t\t\t\t<a href=\"https:\/\/hsl.hosting-shc.de\/?p=551\">08.12.2018, 16.00 Uhr  &#8211; Musikstunde im Advent<\/a>\n\t\t\t\t\t\t\t\t\t<\/li>\n\t\t\t\t\t\t\t\t\t\t\t<li>\n\t\t\t\t\t<a href=\"https:\/\/hsl.hosting-shc.de\/?p=475\">01. Juli 2018, 14:00 Uhr &#8211; Tag der offenen T\u00fcr<\/a>\n\t\t\t\t\t\t\t\t\t<\/li>\n\t\t\t\t\t\t\t\t\t\t\t<li>\n\t\t\t\t\t<a href=\"https:\/\/hsl.hosting-shc.de\/?p=462\">19.04.2018, 19:00 Uhr Mitgliederversammlung<\/a>\n\t\t\t\t\t\t\t\t\t<\/li>\n\t\t\t\t\t\t\t\t\t\t\t<li>\n\t\t\t\t\t<a href=\"https:\/\/hsl.hosting-shc.de\/?p=447\">Strahlende Kinderaugen bei unserer Musizierstunde im Advent<\/a>\n\t\t\t\t\t\t\t\t\t<\/li>\n\t\t\t\t\t\t\t\t\t\t\t<li>\n\t\t\t\t\t<a href=\"https:\/\/hsl.hosting-shc.de\/?p=463\">Akkordeonissimo &#8211; ein grandioses Konzertereignis im gut besuchten B\u00fcrgerhaus<\/a>\n\t\t\t\t\t\t\t\t\t<\/li>\n\t\t\t\t\t<\/ul>\n\n\t\t<\/div><\/div><\/div><\/div>","protected":false},"excerpt":{"rendered":"<p>Neueste Beitr\u00e4ge Musizierstunde im Advent Auftritt des Seniorenorchesters im AWO Seniorenzentrum 29.06.2019 Erfolgreicher Tag der offenen T\u00fcr am 26. Mai 2019 17.11.2019 &#8211; Mitwirkung Volkstrauertag Eggenstein Mitgliederversammlung und Ehrenabend vom 26.04.2019, 18 Uhr 26.04.2019, 19:00 Uhr Mitgliederversammlung und Ehrenabend Februar<\/p>\n","protected":false},"author":1,"featured_media":0,"parent":0,"menu_order":0,"comment_status":"closed","ping_status":"closed","template":"","meta":[],"_links":{"self":[{"href":"https:\/\/hsl.hosting-shc.de\/index.php?rest_route=\/wp\/v2\/pages\/456"}],"collection":[{"href":"https:\/\/hsl.hosting-shc.de\/index.php?rest_route=\/wp\/v2\/pages"}],"about":[{"href":"https:\/\/hsl.hosting-shc.de\/index.php?rest_route=\/wp\/v2\/types\/page"}],"author":[{"embeddable":true,"href":"https:\/\/hsl.hosting-shc.de\/index.php?rest_route=\/wp\/v2\/users\/1"}],"replies":[{"embeddable":true,"href":"https:\/\/hsl.hosting-shc.de\/index.php?rest_route=%2Fwp%2Fv2%2Fcomments&post=456"}],"version-history":[{"count":4,"href":"https:\/\/hsl.hosting-shc.de\/index.php?rest_route=\/wp\/v2\/pages\/456\/revisions"}],"predecessor-version":[{"id":461,"href":"https:\/\/hsl.hosting-shc.de\/index.php?rest_route=\/wp\/v2\/pages\/456\/revisions\/461"}],"wp:attachment":[{"href":"https:\/\/hsl.hosting-shc.de\/index.php?rest_route=%2Fwp%2Fv2%2Fmedia&parent=456"}],"curies":[{"name":"wp","href":"https:\/\/api.w.org\/{rel}","templated":true}]}}