{"id":39,"date":"2017-11-24T07:16:17","date_gmt":"2017-11-24T07:16:17","guid":{"rendered":"http:\/\/hsl.hosting-shc.de\/?page_id=39"},"modified":"2025-10-19T09:31:31","modified_gmt":"2025-10-19T08:31:31","slug":"verwaltung","status":"publish","type":"page","link":"https:\/\/hsl.hosting-shc.de\/?page_id=39","title":{"rendered":"Verwaltung"},"content":{"rendered":"<div id=\"pl-39\"  class=\"panel-layout\" ><div id=\"pg-39-0\"  class=\"panel-grid panel-no-style\" ><div id=\"pgc-39-0-0\"  class=\"panel-grid-cell\" ><div id=\"panel-39-0-0-0\" class=\"so-panel widget widget_text panel-first-child panel-last-child\" data-index=\"0\" >\t\t\t<div class=\"textwidget\"><p>Unsere Vereinsverwaltung besteht derzeit aus den folgenden Mitgliedern:<\/p>\n<table>\n<tbody>\n<tr>\n<td>1. Vorsitzender<\/td>\n<td>Heinz Vogel<\/td>\n<\/tr>\n<tr>\n<td>2. Vorsitzender<\/td>\n<td>Manfred Heger<\/td>\n<\/tr>\n<tr>\n<td>Ehrenvorsitzender<\/td>\n<td>Willi Heuser<\/td>\n<\/tr>\n<tr>\n<td>Schatzmeisterin<\/td>\n<td>Brigitte Quicker<\/td>\n<\/tr>\n<tr>\n<td>Schriftf\u00fchrerin<\/td>\n<td>Anne D\u00f6rner<\/td>\n<\/tr>\n<tr>\n<td>Mitgliederbetreuerin<\/td>\n<td>Ruth Klemmer<\/td>\n<\/tr>\n<tr>\n<td>Beirat<\/td>\n<td>J\u00fcrgen Lang<\/td>\n<\/tr>\n<tr>\n<td><\/td>\n<td><\/td>\n<\/tr>\n<\/tbody>\n<\/table>\n<\/div>\n\t\t<\/div><\/div><\/div><div id=\"pg-39-1\"  class=\"panel-grid panel-no-style\" ><div id=\"pgc-39-1-0\"  class=\"panel-grid-cell\" ><div id=\"panel-39-1-0-0\" class=\"so-panel widget widget_media_image panel-first-child panel-last-child\" data-index=\"1\" ><img width=\"600\" height=\"410\" src=\"https:\/\/hsl.hosting-shc.de\/wp-content\/uploads\/2018\/02\/2017-Verwaltung-768x525.jpg\" class=\"image wp-image-248  attachment-600x410 size-600x410\" alt=\"\" loading=\"lazy\" style=\"max-width: 100%; height: auto;\" srcset=\"https:\/\/hsl.hosting-shc.de\/wp-content\/uploads\/2018\/02\/2017-Verwaltung-768x525.jpg 768w, https:\/\/hsl.hosting-shc.de\/wp-content\/uploads\/2018\/02\/2017-Verwaltung-300x205.jpg 300w, https:\/\/hsl.hosting-shc.de\/wp-content\/uploads\/2018\/02\/2017-Verwaltung-1024x700.jpg 1024w\" sizes=\"(max-width: 600px) 100vw, 600px\" \/><\/div><\/div><\/div><div id=\"pg-39-2\"  class=\"panel-grid panel-no-style\" ><div id=\"pgc-39-2-0\"  class=\"panel-grid-cell\" ><div id=\"panel-39-2-0-0\" class=\"so-panel widget widget_text panel-first-child panel-last-child\" data-index=\"2\" >\t\t\t<div class=\"textwidget\"><p>Von links nach rechts:<br \/>\nManfred Heger, Ruth Klemmer, Brigitte Quicker, J\u00fcrgen Lang, Anne D\u00f6rner, Heinz Vogel<\/p>\n<\/div>\n\t\t<\/div><\/div><\/div><\/div>","protected":false},"excerpt":{"rendered":"<p>Unsere Vereinsverwaltung besteht derzeit aus den folgenden Mitgliedern: 1. Vorsitzender Heinz Vogel 2. Vorsitzender Manfred Heger Ehrenvorsitzender Willi Heuser Schatzmeisterin Brigitte Quicker Schriftf\u00fchrerin Anne D\u00f6rner Mitgliederbetreuerin Ruth Klemmer Beirat J\u00fcrgen Lang<\/p>\n","protected":false},"author":1,"featured_media":0,"parent":6,"menu_order":0,"comment_status":"closed","ping_status":"closed","template":"","meta":[],"_links":{"self":[{"href":"https:\/\/hsl.hosting-shc.de\/index.php?rest_route=\/wp\/v2\/pages\/39"}],"collection":[{"href":"https:\/\/hsl.hosting-shc.de\/index.php?rest_route=\/wp\/v2\/pages"}],"about":[{"href":"https:\/\/hsl.hosting-shc.de\/index.php?rest_route=\/wp\/v2\/types\/page"}],"author":[{"embeddable":true,"href":"https:\/\/hsl.hosting-shc.de\/index.php?rest_route=\/wp\/v2\/users\/1"}],"replies":[{"embeddable":true,"href":"https:\/\/hsl.hosting-shc.de\/index.php?rest_route=%2Fwp%2Fv2%2Fcomments&post=39"}],"version-history":[{"count":21,"href":"https:\/\/hsl.hosting-shc.de\/index.php?rest_route=\/wp\/v2\/pages\/39\/revisions"}],"predecessor-version":[{"id":1663,"href":"https:\/\/hsl.hosting-shc.de\/index.php?rest_route=\/wp\/v2\/pages\/39\/revisions\/1663"}],"up":[{"embeddable":true,"href":"https:\/\/hsl.hosting-shc.de\/index.php?rest_route=\/wp\/v2\/pages\/6"}],"wp:attachment":[{"href":"https:\/\/hsl.hosting-shc.de\/index.php?rest_route=%2Fwp%2Fv2%2Fmedia&parent=39"}],"curies":[{"name":"wp","href":"https:\/\/api.w.org\/{rel}","templated":true}]}}