{"id":324,"date":"2018-02-15T19:58:22","date_gmt":"2018-02-15T18:58:22","guid":{"rendered":"http:\/\/hsl.hosting-shc.de\/?page_id=324"},"modified":"2020-11-30T17:29:31","modified_gmt":"2020-11-30T16:29:31","slug":"jugendorchester","status":"publish","type":"page","link":"https:\/\/hsl.hosting-shc.de\/?page_id=324","title":{"rendered":"Jugendorchester"},"content":{"rendered":"\t\t<div data-elementor-type=\"wp-page\" data-elementor-id=\"324\" class=\"elementor elementor-324 elementor-bc-flex-widget\" data-elementor-settings=\"[]\">\n\t\t\t\t\t\t<div class=\"elementor-inner\">\n\t\t\t\t\t\t\t<div class=\"elementor-section-wrap\">\n\t\t\t\t\t\t\t<section class=\"elementor-section elementor-top-section elementor-element elementor-element-e42274f elementor-section-boxed elementor-section-height-default elementor-section-height-default\" data-id=\"e42274f\" data-element_type=\"section\">\n\t\t\t\t\t\t<div class=\"elementor-container elementor-column-gap-default\">\n\t\t\t\t\t\t\t<div class=\"elementor-row\">\n\t\t\t\t\t<div class=\"elementor-column elementor-col-100 elementor-top-column elementor-element elementor-element-426db2b\" data-id=\"426db2b\" data-element_type=\"column\">\n\t\t\t<div class=\"elementor-column-wrap elementor-element-populated\">\n\t\t\t\t\t\t\t<div class=\"elementor-widget-wrap\">\n\t\t\t\t\t\t<div class=\"elementor-element elementor-element-8d699e0 elementor-widget elementor-widget-image\" data-id=\"8d699e0\" data-element_type=\"widget\" data-widget_type=\"image.default\">\n\t\t\t\t<div class=\"elementor-widget-container\">\n\t\t\t\t\t\t\t\t<div class=\"elementor-image\">\n\t\t\t\t\t\t\t\t\t\t\t\t<img width=\"1000\" height=\"603\" src=\"https:\/\/hsl.hosting-shc.de\/wp-content\/uploads\/2018\/03\/Jugendorcheste1000.jpg\" class=\"attachment-large size-large\" alt=\"\" loading=\"lazy\" srcset=\"https:\/\/hsl.hosting-shc.de\/wp-content\/uploads\/2018\/03\/Jugendorcheste1000.jpg 1000w, https:\/\/hsl.hosting-shc.de\/wp-content\/uploads\/2018\/03\/Jugendorcheste1000-300x181.jpg 300w, https:\/\/hsl.hosting-shc.de\/wp-content\/uploads\/2018\/03\/Jugendorcheste1000-768x463.jpg 768w\" sizes=\"(max-width: 1000px) 100vw, 1000px\" \/>\t\t\t\t\t\t\t\t\t\t\t\t\t\t<\/div>\n\t\t\t\t\t\t<\/div>\n\t\t\t\t<\/div>\n\t\t\t\t\t\t<\/div>\n\t\t\t\t\t<\/div>\n\t\t<\/div>\n\t\t\t\t\t\t\t\t<\/div>\n\t\t\t\t\t<\/div>\n\t\t<\/section>\n\t\t\t\t<section class=\"elementor-section elementor-top-section elementor-element elementor-element-63b351c1 elementor-section-boxed elementor-section-height-default elementor-section-height-default\" data-id=\"63b351c1\" data-element_type=\"section\">\n\t\t\t\t\t\t<div class=\"elementor-container elementor-column-gap-default\">\n\t\t\t\t\t\t\t<div class=\"elementor-row\">\n\t\t\t\t\t<div class=\"elementor-column elementor-col-100 elementor-top-column elementor-element elementor-element-4682a323\" data-id=\"4682a323\" data-element_type=\"column\">\n\t\t\t<div class=\"elementor-column-wrap elementor-element-populated\">\n\t\t\t\t\t\t\t<div class=\"elementor-widget-wrap\">\n\t\t\t\t\t\t<div class=\"elementor-element elementor-element-7d143594 elementor-widget elementor-widget-text-editor\" data-id=\"7d143594\" data-element_type=\"widget\" data-widget_type=\"text-editor.default\">\n\t\t\t\t<div class=\"elementor-widget-container\">\n\t\t\t\t\t\t\t\t<div class=\"elementor-text-editor elementor-clearfix\">\n\t\t\t\t<p>Hier trainieren Sch\u00fcler\/innen zwischen ca. 8 und 16 Jahren das gemeinsame Musizieren und sammeln so Erfahrung im Orchesterspiel.<br \/>Mit Spa\u00df sind Sie bei der Sache und fordern den Dirigenten.<br \/>Am liebsten spielen Sie moderne Ohrw\u00fcrmer von Pop bis Jazz, aber auch Klassik und alte Musik stehen auf dem Programm.<br \/>Dabei integrieren wir au\u00dfer Akkordeons auch andere Instrumente wie Blockfl\u00f6te, Querfl\u00f6te, Schlagzeug und Percussion, Keyboard, Klavier und Gitarre.<\/p><p>Der professionelle Musikunterricht, der in der Regel im Einzelunterricht stattfindet, wird hier weitergef\u00fchrt und durch die au\u00dfermusikalischen Aktivit\u00e4ten unserer Jugendabteilung erg\u00e4nzt.<\/p><p>Auftritte bei j\u00e4hrlichen Konzerten in Leopoldshafen und Linkenheim, beim &#8220;Tag der offenen T\u00fcr&#8221; oder bei Musizierstunden im HSL-Vereinsheim geh\u00f6ren zur festen Jahresplanung.<\/p><p>Dieses Orchester ist kein starres Gebilde. Die Sch\u00fcler\/innen werden hier gut auf das \u00dcberwechseln ins Erwachsenenorchester vorbereitet und gleichzeitig neue Musiksch\u00fcler\/innen in das Jugendorchester aufgenommen.<\/p><p>Die Orchesterproben finden w\u00f6chentlich in Kooperation mit den Harmonika-Freunden 1936 e.V. in Linkenheim statt.<\/p><table><tbody><tr><td>Probenraum:<\/td><td>Bahnhofstr. 39a in Linkenheim, Konzertsaal im OG<\/td><\/tr><tr><td>Probentermin:<\/td><td>mittwochs 18.00 Uhr bis 19.00 Uhr<\/td><\/tr><tr><td>Leitung:<\/td><td>Denise Weindel<\/td><\/tr><tr><td>Kontakt:<\/td><td>Conny Heger, Tel. 07247\/3827, E-Mail: unterricht@hsl.hosting-shc.de<\/td><\/tr><\/tbody><\/table>\t\t\t\t\t<\/div>\n\t\t\t\t\t\t<\/div>\n\t\t\t\t<\/div>\n\t\t\t\t\t\t<\/div>\n\t\t\t\t\t<\/div>\n\t\t<\/div>\n\t\t\t\t\t\t\t\t<\/div>\n\t\t\t\t\t<\/div>\n\t\t<\/section>\n\t\t\t\t\t\t<\/div>\n\t\t\t\t\t\t<\/div>\n\t\t\t\t\t<\/div>\n\t\t","protected":false},"excerpt":{"rendered":"<p>Hier trainieren Sch\u00fcler\/innen zwischen ca. 8 und 16 Jahren das gemeinsame Musizieren und sammeln so Erfahrung im Orchesterspiel.Mit Spa\u00df sind Sie bei der Sache und fordern den Dirigenten.Am liebsten spielen Sie moderne Ohrw\u00fcrmer von Pop bis Jazz, aber auch Klassik<\/p>\n","protected":false},"author":1,"featured_media":0,"parent":0,"menu_order":0,"comment_status":"closed","ping_status":"closed","template":"","meta":[],"_links":{"self":[{"href":"https:\/\/hsl.hosting-shc.de\/index.php?rest_route=\/wp\/v2\/pages\/324"}],"collection":[{"href":"https:\/\/hsl.hosting-shc.de\/index.php?rest_route=\/wp\/v2\/pages"}],"about":[{"href":"https:\/\/hsl.hosting-shc.de\/index.php?rest_route=\/wp\/v2\/types\/page"}],"author":[{"embeddable":true,"href":"https:\/\/hsl.hosting-shc.de\/index.php?rest_route=\/wp\/v2\/users\/1"}],"replies":[{"embeddable":true,"href":"https:\/\/hsl.hosting-shc.de\/index.php?rest_route=%2Fwp%2Fv2%2Fcomments&post=324"}],"version-history":[{"count":5,"href":"https:\/\/hsl.hosting-shc.de\/index.php?rest_route=\/wp\/v2\/pages\/324\/revisions"}],"predecessor-version":[{"id":781,"href":"https:\/\/hsl.hosting-shc.de\/index.php?rest_route=\/wp\/v2\/pages\/324\/revisions\/781"}],"wp:attachment":[{"href":"https:\/\/hsl.hosting-shc.de\/index.php?rest_route=%2Fwp%2Fv2%2Fmedia&parent=324"}],"curies":[{"name":"wp","href":"https:\/\/api.w.org\/{rel}","templated":true}]}}