{"id":304,"date":"2018-02-15T19:36:18","date_gmt":"2018-02-15T18:36:18","guid":{"rendered":"http:\/\/hsl.hosting-shc.de\/?page_id=304"},"modified":"2018-03-15T08:35:09","modified_gmt":"2018-03-15T07:35:09","slug":"musikalische-frueherziehung","status":"publish","type":"page","link":"https:\/\/hsl.hosting-shc.de\/?page_id=304","title":{"rendered":"Musikalische Fr\u00fcherziehung"},"content":{"rendered":"\t\t<div data-elementor-type=\"wp-page\" data-elementor-id=\"304\" class=\"elementor elementor-304 elementor-bc-flex-widget\" data-elementor-settings=\"[]\">\n\t\t\t\t\t\t<div class=\"elementor-inner\">\n\t\t\t\t\t\t\t<div class=\"elementor-section-wrap\">\n\t\t\t\t\t\t\t<section class=\"elementor-section elementor-top-section elementor-element elementor-element-2a1996d elementor-section-boxed elementor-section-height-default elementor-section-height-default\" data-id=\"2a1996d\" data-element_type=\"section\">\n\t\t\t\t\t\t<div class=\"elementor-container elementor-column-gap-default\">\n\t\t\t\t\t\t\t<div class=\"elementor-row\">\n\t\t\t\t\t<div class=\"elementor-column elementor-col-100 elementor-top-column elementor-element elementor-element-b046fbf\" data-id=\"b046fbf\" data-element_type=\"column\">\n\t\t\t<div class=\"elementor-column-wrap elementor-element-populated\">\n\t\t\t\t\t\t\t<div class=\"elementor-widget-wrap\">\n\t\t\t\t\t\t<div class=\"elementor-element elementor-element-eb55809 elementor-widget elementor-widget-text-editor\" data-id=\"eb55809\" data-element_type=\"widget\" data-widget_type=\"text-editor.default\">\n\t\t\t\t<div class=\"elementor-widget-container\">\n\t\t\t\t\t\t\t\t<div class=\"elementor-text-editor elementor-clearfix\">\n\t\t\t\t<p><strong>Entdecke spielerisch die Welt der Musik<\/strong><\/p><p>Der Verein bietet 2-j\u00e4hrige Kurse<strong> f\u00fcr Kinder ab 4 Jahren<\/strong> und 1-j\u00e4hrige Kompaktkurse<strong> f\u00fcr Kinder von 5 oder 6 Jahren<\/strong>.<\/p><p>Auf phantasievoll-spielerische Art weckt die Musikalische Fr\u00fcherziehung<strong> Spa\u00df, Freude und Interesse an Musik<\/strong>.<\/p><p>Spielend und lernend erfahren und entdecken die Kinder die Welt der Musik ganzheitlich.<\/p><p>Die Schwerpunkte der Musikalischen Fr\u00fcherziehung kann man etwa in folgende Bereiche zusammenfassen:<\/p><ul><li>Singen und Sprechen<\/li><li>Bewegung und Tanz<\/li><li>Musik h\u00f6ren und Musiklehre<\/li><li>Einfaches Musizieren mit orffschen Musikinstrumenten<\/li><li>Kennenlernen unterschiedlicher Musikinstrumente<\/li><li>Erstes Noten lesen und schreiben<\/li><\/ul><p><strong>Eltern-Mitmachstunden<\/strong> sorgen f\u00fcr direkten Einblick in den Unterricht.<\/p><p><strong>Unterrichtsort: Vereinsheim der Harmonika-Freunde 1936 e.V.<\/strong><\/p><p><strong>Bahnhofstr. 39 a in 76351 Linkenheim<\/strong><\/p>\t\t\t\t\t<\/div>\n\t\t\t\t\t\t<\/div>\n\t\t\t\t<\/div>\n\t\t\t\t\t\t<\/div>\n\t\t\t\t\t<\/div>\n\t\t<\/div>\n\t\t\t\t\t\t\t\t<\/div>\n\t\t\t\t\t<\/div>\n\t\t<\/section>\n\t\t\t\t<section class=\"elementor-section elementor-top-section elementor-element elementor-element-e649479 elementor-section-boxed elementor-section-height-default elementor-section-height-default\" data-id=\"e649479\" data-element_type=\"section\">\n\t\t\t\t\t\t<div class=\"elementor-container elementor-column-gap-default\">\n\t\t\t\t\t\t\t<div class=\"elementor-row\">\n\t\t\t\t\t<div class=\"elementor-column elementor-col-100 elementor-top-column elementor-element elementor-element-9d69abc\" data-id=\"9d69abc\" data-element_type=\"column\">\n\t\t\t<div class=\"elementor-column-wrap elementor-element-populated\">\n\t\t\t\t\t\t\t<div class=\"elementor-widget-wrap\">\n\t\t\t\t\t\t<div class=\"elementor-element elementor-element-dc9c3c2 elementor-widget elementor-widget-text-editor\" data-id=\"dc9c3c2\" data-element_type=\"widget\" data-widget_type=\"text-editor.default\">\n\t\t\t\t<div class=\"elementor-widget-container\">\n\t\t\t\t\t\t\t\t<div class=\"elementor-text-editor elementor-clearfix\">\n\t\t\t\t<p><a href=\"https:\/\/hsl.hosting-shc.de\/?page_id=393\"><strong>Anfrage \/ Anmeldung<\/strong><\/a><\/p>\t\t\t\t\t<\/div>\n\t\t\t\t\t\t<\/div>\n\t\t\t\t<\/div>\n\t\t\t\t\t\t<\/div>\n\t\t\t\t\t<\/div>\n\t\t<\/div>\n\t\t\t\t\t\t\t\t<\/div>\n\t\t\t\t\t<\/div>\n\t\t<\/section>\n\t\t\t\t\t\t<\/div>\n\t\t\t\t\t\t<\/div>\n\t\t\t\t\t<\/div>\n\t\t","protected":false},"excerpt":{"rendered":"<p>Entdecke spielerisch die Welt der Musik Der Verein bietet 2-j\u00e4hrige Kurse f\u00fcr Kinder ab 4 Jahren und 1-j\u00e4hrige Kompaktkurse f\u00fcr Kinder von 5 oder 6 Jahren. Auf phantasievoll-spielerische Art weckt die Musikalische Fr\u00fcherziehung Spa\u00df, Freude und Interesse an Musik. Spielend<\/p>\n","protected":false},"author":1,"featured_media":0,"parent":0,"menu_order":0,"comment_status":"closed","ping_status":"closed","template":"","meta":[],"_links":{"self":[{"href":"https:\/\/hsl.hosting-shc.de\/index.php?rest_route=\/wp\/v2\/pages\/304"}],"collection":[{"href":"https:\/\/hsl.hosting-shc.de\/index.php?rest_route=\/wp\/v2\/pages"}],"about":[{"href":"https:\/\/hsl.hosting-shc.de\/index.php?rest_route=\/wp\/v2\/types\/page"}],"author":[{"embeddable":true,"href":"https:\/\/hsl.hosting-shc.de\/index.php?rest_route=\/wp\/v2\/users\/1"}],"replies":[{"embeddable":true,"href":"https:\/\/hsl.hosting-shc.de\/index.php?rest_route=%2Fwp%2Fv2%2Fcomments&post=304"}],"version-history":[{"count":3,"href":"https:\/\/hsl.hosting-shc.de\/index.php?rest_route=\/wp\/v2\/pages\/304\/revisions"}],"predecessor-version":[{"id":499,"href":"https:\/\/hsl.hosting-shc.de\/index.php?rest_route=\/wp\/v2\/pages\/304\/revisions\/499"}],"wp:attachment":[{"href":"https:\/\/hsl.hosting-shc.de\/index.php?rest_route=%2Fwp%2Fv2%2Fmedia&parent=304"}],"curies":[{"name":"wp","href":"https:\/\/api.w.org\/{rel}","templated":true}]}}