{"id":301,"date":"2018-02-15T19:34:12","date_gmt":"2018-02-15T18:34:12","guid":{"rendered":"http:\/\/hsl.hosting-shc.de\/?page_id=301"},"modified":"2018-03-14T21:28:05","modified_gmt":"2018-03-14T20:28:05","slug":"e-gitarre","status":"publish","type":"page","link":"https:\/\/hsl.hosting-shc.de\/?page_id=301","title":{"rendered":"E-Gitarre"},"content":{"rendered":"\t\t<div data-elementor-type=\"wp-page\" data-elementor-id=\"301\" class=\"elementor elementor-301 elementor-bc-flex-widget\" data-elementor-settings=\"[]\">\n\t\t\t\t\t\t<div class=\"elementor-inner\">\n\t\t\t\t\t\t\t<div class=\"elementor-section-wrap\">\n\t\t\t\t\t\t\t<section class=\"elementor-section elementor-top-section elementor-element elementor-element-137d22e elementor-section-boxed elementor-section-height-default elementor-section-height-default\" data-id=\"137d22e\" data-element_type=\"section\">\n\t\t\t\t\t\t<div class=\"elementor-container elementor-column-gap-default\">\n\t\t\t\t\t\t\t<div class=\"elementor-row\">\n\t\t\t\t\t<div class=\"elementor-column elementor-col-50 elementor-top-column elementor-element elementor-element-c61d256\" data-id=\"c61d256\" data-element_type=\"column\">\n\t\t\t<div class=\"elementor-column-wrap elementor-element-populated\">\n\t\t\t\t\t\t\t<div class=\"elementor-widget-wrap\">\n\t\t\t\t\t\t<div class=\"elementor-element elementor-element-05c0354 elementor-widget elementor-widget-text-editor\" data-id=\"05c0354\" data-element_type=\"widget\" data-widget_type=\"text-editor.default\">\n\t\t\t\t<div class=\"elementor-widget-container\">\n\t\t\t\t\t\t\t\t<div class=\"elementor-text-editor elementor-clearfix\">\n\t\t\t\t<p><strong>&#8211; Pop &#8211; Rock &#8211; Metal &#8211; Blues &#8211; Jazz &#8211;<\/strong><\/p><p>\u00a0<\/p><p>Die <strong>E-Gitarre<\/strong> (die elektrisch verst\u00e4rkte Gitarre) ist ein Kind des 20. Jahrhunderts. F\u00fcr viele Jugendliche ist Gitarre gleichbedeutend mit E-Gitarre.<\/p><p>Unser<strong> Unterricht<\/strong> geht sowohl auf die musikalischen Wurzeln dieses Instruments in <strong>Blues und Rock<\/strong> als auch auf die <strong>aktuelle Musikszene<\/strong> ein.<\/p><p><strong>Wir bieten f\u00fcr Anf\u00e4nger und Fortgeschrittene den passenden Unterricht an, f\u00fcr Kinder ab ca. 10 Jahren, f\u00fcr Jugendliche und Erwachsene<\/strong><\/p>\t\t\t\t\t<\/div>\n\t\t\t\t\t\t<\/div>\n\t\t\t\t<\/div>\n\t\t\t\t\t\t<\/div>\n\t\t\t\t\t<\/div>\n\t\t<\/div>\n\t\t\t\t<div class=\"elementor-column elementor-col-50 elementor-top-column elementor-element elementor-element-303e1c6\" data-id=\"303e1c6\" data-element_type=\"column\">\n\t\t\t<div class=\"elementor-column-wrap elementor-element-populated\">\n\t\t\t\t\t\t\t<div class=\"elementor-widget-wrap\">\n\t\t\t\t\t\t<div class=\"elementor-element elementor-element-6a3586f elementor-widget elementor-widget-image\" data-id=\"6a3586f\" data-element_type=\"widget\" data-widget_type=\"image.default\">\n\t\t\t\t<div class=\"elementor-widget-container\">\n\t\t\t\t\t\t\t\t<div class=\"elementor-image\">\n\t\t\t\t\t\t\t\t\t\t\t\t<img src=\"https:\/\/hsl.hosting-shc.de\/wp-content\/uploads\/elementor\/thumbs\/egitarre-nn87jyqvvklsyeaq22sj82al3k0e1jbmkoyh4ng0zk.jpg\" title=\"SONY DSC\" alt=\"SONY DSC\" \/>\t\t\t\t\t\t\t\t\t\t\t\t\t\t<\/div>\n\t\t\t\t\t\t<\/div>\n\t\t\t\t<\/div>\n\t\t\t\t\t\t<\/div>\n\t\t\t\t\t<\/div>\n\t\t<\/div>\n\t\t\t\t\t\t\t\t<\/div>\n\t\t\t\t\t<\/div>\n\t\t<\/section>\n\t\t\t\t<section class=\"elementor-section elementor-top-section elementor-element elementor-element-a1fa9a1 elementor-section-boxed elementor-section-height-default elementor-section-height-default\" data-id=\"a1fa9a1\" data-element_type=\"section\">\n\t\t\t\t\t\t<div class=\"elementor-container elementor-column-gap-default\">\n\t\t\t\t\t\t\t<div class=\"elementor-row\">\n\t\t\t\t\t<div class=\"elementor-column elementor-col-100 elementor-top-column elementor-element elementor-element-e20ca4a\" data-id=\"e20ca4a\" data-element_type=\"column\">\n\t\t\t<div class=\"elementor-column-wrap elementor-element-populated\">\n\t\t\t\t\t\t\t<div class=\"elementor-widget-wrap\">\n\t\t\t\t\t\t<div class=\"elementor-element elementor-element-35d079e elementor-widget elementor-widget-text-editor\" data-id=\"35d079e\" data-element_type=\"widget\" data-widget_type=\"text-editor.default\">\n\t\t\t\t<div class=\"elementor-widget-container\">\n\t\t\t\t\t\t\t\t<div class=\"elementor-text-editor elementor-clearfix\">\n\t\t\t\t<p><strong>Beschaffung eines geeigneten Instruments:<\/strong><\/p><ul><li>Vereinseigene Mietinstrumente<\/li><li>Kauf eines neuen oder gebrauchten Instruments<\/li><\/ul><p>Wir beraten Sie gerne umfassend.<\/p><p><a href=\"https:\/\/hsl.hosting-shc.de\/?page_id=113\"><strong>Lehrer\/innen<\/strong><\/a><strong>\u00a0\u00a0<\/strong><\/p><p><a href=\"https:\/\/hsl.hosting-shc.de\/?page_id=393\"><strong>Anfrage \/ Anmeldung<\/strong><\/a><strong>\u00a0\u00a0<\/strong><\/p>\t\t\t\t\t<\/div>\n\t\t\t\t\t\t<\/div>\n\t\t\t\t<\/div>\n\t\t\t\t\t\t<\/div>\n\t\t\t\t\t<\/div>\n\t\t<\/div>\n\t\t\t\t\t\t\t\t<\/div>\n\t\t\t\t\t<\/div>\n\t\t<\/section>\n\t\t\t\t\t\t<\/div>\n\t\t\t\t\t\t<\/div>\n\t\t\t\t\t<\/div>\n\t\t","protected":false},"excerpt":{"rendered":"<p>&#8211; Pop &#8211; Rock &#8211; Metal &#8211; Blues &#8211; Jazz &#8211; \u00a0 Die E-Gitarre (die elektrisch verst\u00e4rkte Gitarre) ist ein Kind des 20. Jahrhunderts. F\u00fcr viele Jugendliche ist Gitarre gleichbedeutend mit E-Gitarre. Unser Unterricht geht sowohl auf die musikalischen Wurzeln<\/p>\n","protected":false},"author":1,"featured_media":0,"parent":0,"menu_order":0,"comment_status":"closed","ping_status":"closed","template":"","meta":[],"_links":{"self":[{"href":"https:\/\/hsl.hosting-shc.de\/index.php?rest_route=\/wp\/v2\/pages\/301"}],"collection":[{"href":"https:\/\/hsl.hosting-shc.de\/index.php?rest_route=\/wp\/v2\/pages"}],"about":[{"href":"https:\/\/hsl.hosting-shc.de\/index.php?rest_route=\/wp\/v2\/types\/page"}],"author":[{"embeddable":true,"href":"https:\/\/hsl.hosting-shc.de\/index.php?rest_route=\/wp\/v2\/users\/1"}],"replies":[{"embeddable":true,"href":"https:\/\/hsl.hosting-shc.de\/index.php?rest_route=%2Fwp%2Fv2%2Fcomments&post=301"}],"version-history":[{"count":5,"href":"https:\/\/hsl.hosting-shc.de\/index.php?rest_route=\/wp\/v2\/pages\/301\/revisions"}],"predecessor-version":[{"id":493,"href":"https:\/\/hsl.hosting-shc.de\/index.php?rest_route=\/wp\/v2\/pages\/301\/revisions\/493"}],"wp:attachment":[{"href":"https:\/\/hsl.hosting-shc.de\/index.php?rest_route=%2Fwp%2Fv2%2Fmedia&parent=301"}],"curies":[{"name":"wp","href":"https:\/\/api.w.org\/{rel}","templated":true}]}}