{"id":264,"date":"2018-02-15T15:35:48","date_gmt":"2018-02-15T14:35:48","guid":{"rendered":"http:\/\/hsl.hosting-shc.de\/?page_id=264"},"modified":"2018-03-15T08:38:40","modified_gmt":"2018-03-15T07:38:40","slug":"schlagzeug","status":"publish","type":"page","link":"https:\/\/hsl.hosting-shc.de\/?page_id=264","title":{"rendered":"Schlagzeug"},"content":{"rendered":"\t\t<div data-elementor-type=\"wp-page\" data-elementor-id=\"264\" class=\"elementor elementor-264 elementor-bc-flex-widget\" data-elementor-settings=\"[]\">\n\t\t\t\t\t\t<div class=\"elementor-inner\">\n\t\t\t\t\t\t\t<div class=\"elementor-section-wrap\">\n\t\t\t\t\t\t\t<section class=\"elementor-section elementor-top-section elementor-element elementor-element-3464212c elementor-section-boxed elementor-section-height-default elementor-section-height-default\" data-id=\"3464212c\" data-element_type=\"section\">\n\t\t\t\t\t\t<div class=\"elementor-container elementor-column-gap-default\">\n\t\t\t\t\t\t\t<div class=\"elementor-row\">\n\t\t\t\t\t<div class=\"elementor-column elementor-col-100 elementor-top-column elementor-element elementor-element-49bb0297\" data-id=\"49bb0297\" data-element_type=\"column\">\n\t\t\t<div class=\"elementor-column-wrap elementor-element-populated\">\n\t\t\t\t\t\t\t<div class=\"elementor-widget-wrap\">\n\t\t\t\t\t\t<div class=\"elementor-element elementor-element-5daad142 elementor-widget elementor-widget-text-editor\" data-id=\"5daad142\" data-element_type=\"widget\" data-widget_type=\"text-editor.default\">\n\t\t\t\t<div class=\"elementor-widget-container\">\n\t\t\t\t\t\t\t\t<div class=\"elementor-text-editor elementor-clearfix\">\n\t\t\t\t<div id=\"pl-264\" class=\"panel-layout\"><div id=\"pg-264-0\" class=\"panel-grid panel-no-style\" data-style=\"{\" data-ratio=\"1\" data-ratio-direction=\"right\"><div id=\"pgc-264-0-0\" class=\"panel-grid-cell\" data-weight=\"1\"><div id=\"panel-264-0-0-0\" class=\"so-panel widget widget_text panel-first-child panel-last-child\" data-index=\"0\" data-style=\"{\"><div class=\"textwidget\"><p><em><strong>Drumming, technique, groove and feeling<\/strong><\/em><\/p><p>beschreiben wohl am besten unseren fundierten <strong>Unterricht nach Noten<\/strong> f\u00fcr die Drummer der neuen Generation.<\/p><p>Unbestritten geh\u00f6rt <strong>das Schlagzeug<\/strong> nicht nur zu den beliebtesten Musikinstrumenten der Jugend, sondern begeistert gleicherma\u00dfen alle Altersgruppen.<\/p><p>Der Einstieg erfolgt \u00fcber die Kleine Trommel und nach und nach erweitert sich der Lernbereich zum <strong>Drum-Set<\/strong>.<\/p><p>Die Vielfalt der<strong> musikalischen Stilrichtungen ist schier unersch\u00f6pflich<\/strong>.<\/p><p>Klassik \u2013 E-Musik \u2013 Volksmusik \u2013 Traditioneller und moderner Jazz \u2013 Latin -Rock- und Popmusik \u2026<\/p><p><strong>\u00a0<\/strong><\/p><p><strong>Wir bieten Unterricht f\u00fcr Kinder ab 6 Jahren, Jugendliche, Erwachsene<\/strong>.<\/p><p>Gerne beraten wir Sie beim Kauf eines geeigneten Instruments.<\/p><p><a href=\"https:\/\/hsl.hosting-shc.de\/?page_id=113\"><strong>Lehrer\/innen<\/strong><\/a><\/p><p><a href=\"https:\/\/hsl.hosting-shc.de\/?page_id=393\"><strong>Anfrage \/ Anmeldung<\/strong><\/a><strong><a href=\"_wp_link_placeholder\">\u00a0<\/a> <br \/><\/strong><\/p><\/div><\/div><\/div><\/div><\/div>\t\t\t\t\t<\/div>\n\t\t\t\t\t\t<\/div>\n\t\t\t\t<\/div>\n\t\t\t\t\t\t<\/div>\n\t\t\t\t\t<\/div>\n\t\t<\/div>\n\t\t\t\t\t\t\t\t<\/div>\n\t\t\t\t\t<\/div>\n\t\t<\/section>\n\t\t\t\t\t\t<\/div>\n\t\t\t\t\t\t<\/div>\n\t\t\t\t\t<\/div>\n\t\t","protected":false},"excerpt":{"rendered":"<p>Drumming, technique, groove and feeling beschreiben wohl am besten unseren fundierten Unterricht nach Noten f\u00fcr die Drummer der neuen Generation. Unbestritten geh\u00f6rt das Schlagzeug nicht nur zu den beliebtesten Musikinstrumenten der Jugend, sondern begeistert gleicherma\u00dfen alle Altersgruppen. Der Einstieg erfolgt<\/p>\n","protected":false},"author":1,"featured_media":0,"parent":0,"menu_order":0,"comment_status":"closed","ping_status":"closed","template":"","meta":[],"_links":{"self":[{"href":"https:\/\/hsl.hosting-shc.de\/index.php?rest_route=\/wp\/v2\/pages\/264"}],"collection":[{"href":"https:\/\/hsl.hosting-shc.de\/index.php?rest_route=\/wp\/v2\/pages"}],"about":[{"href":"https:\/\/hsl.hosting-shc.de\/index.php?rest_route=\/wp\/v2\/types\/page"}],"author":[{"embeddable":true,"href":"https:\/\/hsl.hosting-shc.de\/index.php?rest_route=\/wp\/v2\/users\/1"}],"replies":[{"embeddable":true,"href":"https:\/\/hsl.hosting-shc.de\/index.php?rest_route=%2Fwp%2Fv2%2Fcomments&post=264"}],"version-history":[{"count":7,"href":"https:\/\/hsl.hosting-shc.de\/index.php?rest_route=\/wp\/v2\/pages\/264\/revisions"}],"predecessor-version":[{"id":501,"href":"https:\/\/hsl.hosting-shc.de\/index.php?rest_route=\/wp\/v2\/pages\/264\/revisions\/501"}],"wp:attachment":[{"href":"https:\/\/hsl.hosting-shc.de\/index.php?rest_route=%2Fwp%2Fv2%2Fmedia&parent=264"}],"curies":[{"name":"wp","href":"https:\/\/api.w.org\/{rel}","templated":true}]}}