{"id":25,"date":"2017-11-24T07:15:23","date_gmt":"2017-11-24T07:15:23","guid":{"rendered":"http:\/\/hsl.hosting-shc.de\/?page_id=25"},"modified":"2021-06-29T07:58:43","modified_gmt":"2021-06-29T06:58:43","slug":"vereinsheim","status":"publish","type":"page","link":"https:\/\/hsl.hosting-shc.de\/?page_id=25","title":{"rendered":"Vereinsheim"},"content":{"rendered":"\t\t<div data-elementor-type=\"wp-page\" data-elementor-id=\"25\" class=\"elementor elementor-25\" data-elementor-settings=\"[]\">\n\t\t\t\t\t\t<div class=\"elementor-inner\">\n\t\t\t\t\t\t\t<div class=\"elementor-section-wrap\">\n\t\t\t\t\t\t\t<section class=\"elementor-section elementor-top-section elementor-element elementor-element-8797634 elementor-section-boxed elementor-section-height-default elementor-section-height-default\" data-id=\"8797634\" data-element_type=\"section\">\n\t\t\t\t\t\t<div class=\"elementor-container elementor-column-gap-default\">\n\t\t\t\t\t\t\t<div class=\"elementor-row\">\n\t\t\t\t\t<div class=\"elementor-column elementor-col-100 elementor-top-column elementor-element elementor-element-2d5e7af\" data-id=\"2d5e7af\" data-element_type=\"column\">\n\t\t\t<div class=\"elementor-column-wrap elementor-element-populated\">\n\t\t\t\t\t\t\t<div class=\"elementor-widget-wrap\">\n\t\t\t\t\t\t<div class=\"elementor-element elementor-element-d4e411d elementor-widget elementor-widget-heading\" data-id=\"d4e411d\" data-element_type=\"widget\" data-widget_type=\"heading.default\">\n\t\t\t\t<div class=\"elementor-widget-container\">\n\t\t\t<h2 class=\"elementor-heading-title elementor-size-default\">Unser Vereinsheim<\/h2>\t\t<\/div>\n\t\t\t\t<\/div>\n\t\t\t\t\t\t<\/div>\n\t\t\t\t\t<\/div>\n\t\t<\/div>\n\t\t\t\t\t\t\t\t<\/div>\n\t\t\t\t\t<\/div>\n\t\t<\/section>\n\t\t\t\t<section class=\"elementor-section elementor-top-section elementor-element elementor-element-03d51d7 elementor-section-boxed elementor-section-height-default elementor-section-height-default\" data-id=\"03d51d7\" data-element_type=\"section\">\n\t\t\t\t\t\t<div class=\"elementor-container elementor-column-gap-default\">\n\t\t\t\t\t\t\t<div class=\"elementor-row\">\n\t\t\t\t\t<div class=\"elementor-column elementor-col-100 elementor-top-column elementor-element elementor-element-cc877c8\" data-id=\"cc877c8\" data-element_type=\"column\">\n\t\t\t<div class=\"elementor-column-wrap elementor-element-populated\">\n\t\t\t\t\t\t\t<div class=\"elementor-widget-wrap\">\n\t\t\t\t\t\t<div class=\"elementor-element elementor-element-a88b075 elementor-widget elementor-widget-image\" data-id=\"a88b075\" data-element_type=\"widget\" data-widget_type=\"image.default\">\n\t\t\t\t<div class=\"elementor-widget-container\">\n\t\t\t\t\t\t\t\t<div class=\"elementor-image\">\n\t\t\t\t\t\t\t\t\t\t\t\t<img width=\"533\" height=\"400\" src=\"https:\/\/hsl.hosting-shc.de\/wp-content\/uploads\/2017\/11\/HSL-Heim.jpg\" class=\"attachment-large size-large\" alt=\"\" loading=\"lazy\" srcset=\"https:\/\/hsl.hosting-shc.de\/wp-content\/uploads\/2017\/11\/HSL-Heim.jpg 533w, https:\/\/hsl.hosting-shc.de\/wp-content\/uploads\/2017\/11\/HSL-Heim-300x225.jpg 300w\" sizes=\"(max-width: 533px) 100vw, 533px\" \/>\t\t\t\t\t\t\t\t\t\t\t\t\t\t<\/div>\n\t\t\t\t\t\t<\/div>\n\t\t\t\t<\/div>\n\t\t\t\t\t\t<\/div>\n\t\t\t\t\t<\/div>\n\t\t<\/div>\n\t\t\t\t\t\t\t\t<\/div>\n\t\t\t\t\t<\/div>\n\t\t<\/section>\n\t\t\t\t<section class=\"elementor-section elementor-top-section elementor-element elementor-element-b5f0dec elementor-section-boxed elementor-section-height-default elementor-section-height-default\" data-id=\"b5f0dec\" data-element_type=\"section\">\n\t\t\t\t\t\t<div class=\"elementor-container elementor-column-gap-default\">\n\t\t\t\t\t\t\t<div class=\"elementor-row\">\n\t\t\t\t\t<div class=\"elementor-column elementor-col-100 elementor-top-column elementor-element elementor-element-2236879\" data-id=\"2236879\" data-element_type=\"column\">\n\t\t\t<div class=\"elementor-column-wrap\">\n\t\t\t\t\t\t\t<div class=\"elementor-widget-wrap\">\n\t\t\t\t\t\t\t\t<\/div>\n\t\t\t\t\t<\/div>\n\t\t<\/div>\n\t\t\t\t\t\t\t\t<\/div>\n\t\t\t\t\t<\/div>\n\t\t<\/section>\n\t\t\t\t<section class=\"elementor-section elementor-top-section elementor-element elementor-element-18e1b9e elementor-section-boxed elementor-section-height-default elementor-section-height-default\" data-id=\"18e1b9e\" data-element_type=\"section\">\n\t\t\t\t\t\t<div class=\"elementor-container elementor-column-gap-default\">\n\t\t\t\t\t\t\t<div class=\"elementor-row\">\n\t\t\t\t\t<div class=\"elementor-column elementor-col-100 elementor-top-column elementor-element elementor-element-8338664\" data-id=\"8338664\" data-element_type=\"column\">\n\t\t\t<div class=\"elementor-column-wrap elementor-element-populated\">\n\t\t\t\t\t\t\t<div class=\"elementor-widget-wrap\">\n\t\t\t\t\t\t<div class=\"elementor-element elementor-element-48179ec elementor-widget elementor-widget-text-editor\" data-id=\"48179ec\" data-element_type=\"widget\" data-widget_type=\"text-editor.default\">\n\t\t\t\t<div class=\"elementor-widget-container\">\n\t\t\t\t\t\t\t\t<div class=\"elementor-text-editor elementor-clearfix\">\n\t\t\t\t<h2>Harmonika-Spielring 1962 eV\u00a0 Eggenstein-Leopoldhafen<\/h2><h5>Unser Vereinsheim liegt am Ortsrand von Leopoldshafen, in der Blumenstr. 56. gegen\u00fcber dem Feuerwehrhaus.<br \/>Das Haus wurde 1978 mit viel Engagement in Eigenleistung durch unsere Vereinsmitglieder erbaut und verf\u00fcgt neben einem ca. 100 qm gro\u00dfen Saal, der f\u00fcr Orchesterproben und Veranstaltungen genutzt wird, \u00fcber drei weitere Unterrichtsr\u00e4ume, K\u00fcche und Toilettenanlagen. Das Geb\u00e4ude wurde in den Jahren 2009 renoviert und 2013 mit neuen Tischen und St\u00fchlen ausgestattet.<\/h5><h5><strong>Sie m\u00f6chten unser Vereinsheim mieten?\u00a0\u00a0\u00a0\u00a0\u00a0\u00a0\u00a0\u00a0\u00a0\u00a0\u00a0\u00a0<\/strong><\/h5><h5><strong>Kontakt siehe unten.\u00a0 \u00a0 \u00a0 \u00a0 \u00a0 \u00a0\u00a0<br \/><\/strong><\/h5><h5>Wir bieten Ihnen einen sch\u00f6nen Saal mit Theke f\u00fcr bis zu 60 Personen.<br \/>Bei gutem Wetter kann die Au\u00dfenterrasse mitgenutzt werden.<br \/>Die K\u00fcche ist zweckm\u00e4\u00dfig eingerichtet (Elektro-, Gasherd, Haushalts-Sp\u00fclmaschine ein gro\u00dfer K\u00fchlschrank und 2 kleinere in der Theke) und ist mit ausreichend Geschirr und Gl\u00e4sern ausgestattet.<\/h5><h5>An den Wochenenden wird dieser Saal gerne f\u00fcr Familienfeiern genutzt und bietet\u00a0 Platz f\u00fcr ca. 60 Personen. Saal und Tische werden oft liebevoll dekoriert, sodass eine gem\u00fctliche Atmosph\u00e4re entsteh<\/h5>\t\t\t\t\t<\/div>\n\t\t\t\t\t\t<\/div>\n\t\t\t\t<\/div>\n\t\t\t\t\t\t<\/div>\n\t\t\t\t\t<\/div>\n\t\t<\/div>\n\t\t\t\t\t\t\t\t<\/div>\n\t\t\t\t\t<\/div>\n\t\t<\/section>\n\t\t\t\t<section class=\"elementor-section elementor-top-section elementor-element elementor-element-f9c24a6 elementor-section-boxed elementor-section-height-default elementor-section-height-default\" data-id=\"f9c24a6\" data-element_type=\"section\">\n\t\t\t\t\t\t<div class=\"elementor-container elementor-column-gap-default\">\n\t\t\t\t\t\t\t<div class=\"elementor-row\">\n\t\t\t\t\t<div class=\"elementor-column elementor-col-50 elementor-top-column elementor-element elementor-element-2fbcc5e\" data-id=\"2fbcc5e\" data-element_type=\"column\">\n\t\t\t<div class=\"elementor-column-wrap elementor-element-populated\">\n\t\t\t\t\t\t\t<div class=\"elementor-widget-wrap\">\n\t\t\t\t\t\t<div class=\"elementor-element elementor-element-99282e5 elementor-widget elementor-widget-text-editor\" data-id=\"99282e5\" data-element_type=\"widget\" data-widget_type=\"text-editor.default\">\n\t\t\t\t<div class=\"elementor-widget-container\">\n\t\t\t\t\t\t\t\t<div class=\"elementor-text-editor elementor-clearfix\">\n\t\t\t\t<p><strong>Hier noch ein paar Informationen<\/strong><\/p><ul><li>Vermietung nur an Personen \u00fcber 30 Jahre<\/li><li>Lautstarke und ausschweifende Partys sind nicht erw\u00fcnscht.<\/li><li>Parkpl\u00e4tze vor dem Haus<\/li><li>Reinigung: Die Endreinigung erfolgt durch Sie oder kann \u00fcber uns gebucht werden.<\/li><li>Abfall: Entsorgung durch den Mieter<\/li><li>Alles auf einer Ebene<\/li><\/ul><p><strong>\u00a0<\/strong><\/p>\t\t\t\t\t<\/div>\n\t\t\t\t\t\t<\/div>\n\t\t\t\t<\/div>\n\t\t\t\t\t\t<\/div>\n\t\t\t\t\t<\/div>\n\t\t<\/div>\n\t\t\t\t<div class=\"elementor-column elementor-col-50 elementor-top-column elementor-element elementor-element-25e9f87\" data-id=\"25e9f87\" data-element_type=\"column\">\n\t\t\t<div class=\"elementor-column-wrap elementor-element-populated\">\n\t\t\t\t\t\t\t<div class=\"elementor-widget-wrap\">\n\t\t\t\t\t\t<div class=\"elementor-element elementor-element-db621cf elementor-widget elementor-widget-text-editor\" data-id=\"db621cf\" data-element_type=\"widget\" data-widget_type=\"text-editor.default\">\n\t\t\t\t<div class=\"elementor-widget-container\">\n\t\t\t\t\t\t\t\t<div class=\"elementor-text-editor elementor-clearfix\">\n\t\t\t\t<h5><strong>Weitere Informationen bei:<\/strong><\/h5><h5>Heinz Vogel<br \/>1. Vorsitzender<\/h5><h5>Schubertstr. 9a<br \/>76344 Eggenstein-Leopoldshafen<\/h5><p>Tel.: 0721 \/ 700393<\/p><p>email: vorstand@harmonika-leo.de<\/p>\t\t\t\t\t<\/div>\n\t\t\t\t\t\t<\/div>\n\t\t\t\t<\/div>\n\t\t\t\t\t\t<\/div>\n\t\t\t\t\t<\/div>\n\t\t<\/div>\n\t\t\t\t\t\t\t\t<\/div>\n\t\t\t\t\t<\/div>\n\t\t<\/section>\n\t\t\t\t<section class=\"elementor-section elementor-top-section elementor-element elementor-element-25a5496 elementor-section-boxed elementor-section-height-default elementor-section-height-default\" data-id=\"25a5496\" data-element_type=\"section\">\n\t\t\t\t\t\t<div class=\"elementor-container elementor-column-gap-default\">\n\t\t\t\t\t\t\t<div class=\"elementor-row\">\n\t\t\t\t\t<div class=\"elementor-column elementor-col-50 elementor-top-column elementor-element elementor-element-560d496\" data-id=\"560d496\" data-element_type=\"column\">\n\t\t\t<div class=\"elementor-column-wrap elementor-element-populated\">\n\t\t\t\t\t\t\t<div class=\"elementor-widget-wrap\">\n\t\t\t\t\t\t<div class=\"elementor-element elementor-element-0519f1e elementor-widget elementor-widget-image\" data-id=\"0519f1e\" data-element_type=\"widget\" data-widget_type=\"image.default\">\n\t\t\t\t<div class=\"elementor-widget-container\">\n\t\t\t\t\t\t\t\t<div class=\"elementor-image\">\n\t\t\t\t\t\t\t\t\t\t\t\t<img width=\"400\" height=\"267\" src=\"https:\/\/hsl.hosting-shc.de\/wp-content\/uploads\/2018\/03\/HPS_0022-400.jpg\" class=\"attachment-large size-large\" alt=\"\" loading=\"lazy\" srcset=\"https:\/\/hsl.hosting-shc.de\/wp-content\/uploads\/2018\/03\/HPS_0022-400.jpg 400w, https:\/\/hsl.hosting-shc.de\/wp-content\/uploads\/2018\/03\/HPS_0022-400-300x200.jpg 300w\" sizes=\"(max-width: 400px) 100vw, 400px\" \/>\t\t\t\t\t\t\t\t\t\t\t\t\t\t<\/div>\n\t\t\t\t\t\t<\/div>\n\t\t\t\t<\/div>\n\t\t\t\t\t\t<\/div>\n\t\t\t\t\t<\/div>\n\t\t<\/div>\n\t\t\t\t<div class=\"elementor-column elementor-col-50 elementor-top-column elementor-element elementor-element-b2e595b\" data-id=\"b2e595b\" data-element_type=\"column\">\n\t\t\t<div class=\"elementor-column-wrap elementor-element-populated\">\n\t\t\t\t\t\t\t<div class=\"elementor-widget-wrap\">\n\t\t\t\t\t\t<div class=\"elementor-element elementor-element-822b7fd elementor-widget elementor-widget-image\" data-id=\"822b7fd\" data-element_type=\"widget\" data-widget_type=\"image.default\">\n\t\t\t\t<div class=\"elementor-widget-container\">\n\t\t\t\t\t\t\t\t<div class=\"elementor-image\">\n\t\t\t\t\t\t\t\t\t\t\t\t<img width=\"400\" height=\"267\" src=\"https:\/\/hsl.hosting-shc.de\/wp-content\/uploads\/2018\/03\/HPS_0020-400.jpg\" class=\"attachment-large size-large\" alt=\"\" loading=\"lazy\" srcset=\"https:\/\/hsl.hosting-shc.de\/wp-content\/uploads\/2018\/03\/HPS_0020-400.jpg 400w, https:\/\/hsl.hosting-shc.de\/wp-content\/uploads\/2018\/03\/HPS_0020-400-300x200.jpg 300w\" sizes=\"(max-width: 400px) 100vw, 400px\" \/>\t\t\t\t\t\t\t\t\t\t\t\t\t\t<\/div>\n\t\t\t\t\t\t<\/div>\n\t\t\t\t<\/div>\n\t\t\t\t\t\t<\/div>\n\t\t\t\t\t<\/div>\n\t\t<\/div>\n\t\t\t\t\t\t\t\t<\/div>\n\t\t\t\t\t<\/div>\n\t\t<\/section>\n\t\t\t\t<section class=\"elementor-section elementor-top-section elementor-element elementor-element-b07dc96 elementor-section-boxed elementor-section-height-default elementor-section-height-default\" data-id=\"b07dc96\" data-element_type=\"section\">\n\t\t\t\t\t\t<div class=\"elementor-container elementor-column-gap-default\">\n\t\t\t\t\t\t\t<div class=\"elementor-row\">\n\t\t\t\t\t<div class=\"elementor-column elementor-col-50 elementor-top-column elementor-element elementor-element-8df11f2\" data-id=\"8df11f2\" data-element_type=\"column\">\n\t\t\t<div class=\"elementor-column-wrap elementor-element-populated\">\n\t\t\t\t\t\t\t<div class=\"elementor-widget-wrap\">\n\t\t\t\t\t\t<div class=\"elementor-element elementor-element-2d4d89a elementor-widget elementor-widget-image\" data-id=\"2d4d89a\" data-element_type=\"widget\" data-widget_type=\"image.default\">\n\t\t\t\t<div class=\"elementor-widget-container\">\n\t\t\t\t\t\t\t\t<div class=\"elementor-image\">\n\t\t\t\t\t\t\t\t\t\t\t\t<img width=\"400\" height=\"267\" src=\"https:\/\/hsl.hosting-shc.de\/wp-content\/uploads\/2018\/03\/HPS_0026-400.jpg\" class=\"attachment-large size-large\" alt=\"\" loading=\"lazy\" srcset=\"https:\/\/hsl.hosting-shc.de\/wp-content\/uploads\/2018\/03\/HPS_0026-400.jpg 400w, https:\/\/hsl.hosting-shc.de\/wp-content\/uploads\/2018\/03\/HPS_0026-400-300x200.jpg 300w\" sizes=\"(max-width: 400px) 100vw, 400px\" \/>\t\t\t\t\t\t\t\t\t\t\t\t\t\t<\/div>\n\t\t\t\t\t\t<\/div>\n\t\t\t\t<\/div>\n\t\t\t\t\t\t<\/div>\n\t\t\t\t\t<\/div>\n\t\t<\/div>\n\t\t\t\t<div class=\"elementor-column elementor-col-50 elementor-top-column elementor-element elementor-element-964ac4b\" data-id=\"964ac4b\" data-element_type=\"column\">\n\t\t\t<div class=\"elementor-column-wrap elementor-element-populated\">\n\t\t\t\t\t\t\t<div class=\"elementor-widget-wrap\">\n\t\t\t\t\t\t<div class=\"elementor-element elementor-element-09531ce elementor-widget elementor-widget-image\" data-id=\"09531ce\" data-element_type=\"widget\" data-widget_type=\"image.default\">\n\t\t\t\t<div class=\"elementor-widget-container\">\n\t\t\t\t\t\t\t\t<div class=\"elementor-image\">\n\t\t\t\t\t\t\t\t\t\t\t\t<img width=\"400\" height=\"267\" src=\"https:\/\/hsl.hosting-shc.de\/wp-content\/uploads\/2018\/03\/HPS_0027-400.jpg\" class=\"attachment-large size-large\" alt=\"\" loading=\"lazy\" srcset=\"https:\/\/hsl.hosting-shc.de\/wp-content\/uploads\/2018\/03\/HPS_0027-400.jpg 400w, https:\/\/hsl.hosting-shc.de\/wp-content\/uploads\/2018\/03\/HPS_0027-400-300x200.jpg 300w\" sizes=\"(max-width: 400px) 100vw, 400px\" \/>\t\t\t\t\t\t\t\t\t\t\t\t\t\t<\/div>\n\t\t\t\t\t\t<\/div>\n\t\t\t\t<\/div>\n\t\t\t\t\t\t<\/div>\n\t\t\t\t\t<\/div>\n\t\t<\/div>\n\t\t\t\t\t\t\t\t<\/div>\n\t\t\t\t\t<\/div>\n\t\t<\/section>\n\t\t\t\t<section class=\"elementor-section elementor-top-section elementor-element elementor-element-9f11e7e elementor-section-boxed elementor-section-height-default elementor-section-height-default\" data-id=\"9f11e7e\" data-element_type=\"section\">\n\t\t\t\t\t\t<div class=\"elementor-container elementor-column-gap-default\">\n\t\t\t\t\t\t\t<div class=\"elementor-row\">\n\t\t\t\t\t<div class=\"elementor-column elementor-col-100 elementor-top-column elementor-element elementor-element-a8a61da\" data-id=\"a8a61da\" data-element_type=\"column\">\n\t\t\t<div class=\"elementor-column-wrap elementor-element-populated\">\n\t\t\t\t\t\t\t<div class=\"elementor-widget-wrap\">\n\t\t\t\t\t\t<div class=\"elementor-element elementor-element-86e8be6 elementor-widget elementor-widget-image\" data-id=\"86e8be6\" data-element_type=\"widget\" data-widget_type=\"image.default\">\n\t\t\t\t<div class=\"elementor-widget-container\">\n\t\t\t\t\t\t\t\t<div class=\"elementor-image\">\n\t\t\t\t\t\t\t\t\t\t\t\t<img width=\"547\" height=\"365\" src=\"https:\/\/hsl.hosting-shc.de\/wp-content\/uploads\/2018\/02\/Heim-innen-DSC06411_2.jpg\" class=\"attachment-large size-large\" alt=\"\" loading=\"lazy\" srcset=\"https:\/\/hsl.hosting-shc.de\/wp-content\/uploads\/2018\/02\/Heim-innen-DSC06411_2.jpg 547w, https:\/\/hsl.hosting-shc.de\/wp-content\/uploads\/2018\/02\/Heim-innen-DSC06411_2-300x200.jpg 300w\" sizes=\"(max-width: 547px) 100vw, 547px\" \/>\t\t\t\t\t\t\t\t\t\t\t\t\t\t<\/div>\n\t\t\t\t\t\t<\/div>\n\t\t\t\t<\/div>\n\t\t\t\t<div class=\"elementor-element elementor-element-030a85c elementor-widget elementor-widget-google_maps\" data-id=\"030a85c\" data-element_type=\"widget\" data-widget_type=\"google_maps.default\">\n\t\t\t\t<div class=\"elementor-widget-container\">\n\t\t\t\t\t<div class=\"elementor-custom-embed\">\n\t\t\t<iframe frameborder=\"0\" scrolling=\"no\" marginheight=\"0\" marginwidth=\"0\"\n\t\t\t\t\tsrc=\"https:\/\/maps.google.com\/maps?q=76344%20Eggenstein-Leopoldshafen%20Blumenstrasse%2056&#038;t=m&#038;z=16&#038;output=embed&#038;iwloc=near\"\n\t\t\t\t\ttitle=\"76344 Eggenstein-Leopoldshafen Blumenstrasse 56\"\n\t\t\t\t\taria-label=\"76344 Eggenstein-Leopoldshafen Blumenstrasse 56\"\n\t\t\t><\/iframe>\n\t\t<\/div>\n\t\t\t\t<\/div>\n\t\t\t\t<\/div>\n\t\t\t\t\t\t<\/div>\n\t\t\t\t\t<\/div>\n\t\t<\/div>\n\t\t\t\t\t\t\t\t<\/div>\n\t\t\t\t\t<\/div>\n\t\t<\/section>\n\t\t\t\t<section class=\"elementor-section elementor-top-section elementor-element elementor-element-4e52963 elementor-section-boxed elementor-section-height-default elementor-section-height-default\" data-id=\"4e52963\" data-element_type=\"section\">\n\t\t\t\t\t\t<div class=\"elementor-container elementor-column-gap-default\">\n\t\t\t\t\t\t\t<div class=\"elementor-row\">\n\t\t\t\t\t<div class=\"elementor-column elementor-col-100 elementor-top-column elementor-element elementor-element-02495fc\" data-id=\"02495fc\" data-element_type=\"column\">\n\t\t\t<div class=\"elementor-column-wrap\">\n\t\t\t\t\t\t\t<div class=\"elementor-widget-wrap\">\n\t\t\t\t\t\t\t\t<\/div>\n\t\t\t\t\t<\/div>\n\t\t<\/div>\n\t\t\t\t\t\t\t\t<\/div>\n\t\t\t\t\t<\/div>\n\t\t<\/section>\n\t\t\t\t\t\t<\/div>\n\t\t\t\t\t\t<\/div>\n\t\t\t\t\t<\/div>\n\t\t","protected":false},"excerpt":{"rendered":"<p>Unser Vereinsheim Harmonika-Spielring 1962 eV\u00a0 Eggenstein-Leopoldhafen Unser Vereinsheim liegt am Ortsrand von Leopoldshafen, in der Blumenstr. 56. gegen\u00fcber dem Feuerwehrhaus.Das Haus wurde 1978 mit viel Engagement in Eigenleistung durch unsere Vereinsmitglieder erbaut und verf\u00fcgt neben einem ca. 100 qm gro\u00dfen<\/p>\n","protected":false},"author":1,"featured_media":0,"parent":0,"menu_order":2,"comment_status":"closed","ping_status":"closed","template":"","meta":[],"_links":{"self":[{"href":"https:\/\/hsl.hosting-shc.de\/index.php?rest_route=\/wp\/v2\/pages\/25"}],"collection":[{"href":"https:\/\/hsl.hosting-shc.de\/index.php?rest_route=\/wp\/v2\/pages"}],"about":[{"href":"https:\/\/hsl.hosting-shc.de\/index.php?rest_route=\/wp\/v2\/types\/page"}],"author":[{"embeddable":true,"href":"https:\/\/hsl.hosting-shc.de\/index.php?rest_route=\/wp\/v2\/users\/1"}],"replies":[{"embeddable":true,"href":"https:\/\/hsl.hosting-shc.de\/index.php?rest_route=%2Fwp%2Fv2%2Fcomments&post=25"}],"version-history":[{"count":26,"href":"https:\/\/hsl.hosting-shc.de\/index.php?rest_route=\/wp\/v2\/pages\/25\/revisions"}],"predecessor-version":[{"id":925,"href":"https:\/\/hsl.hosting-shc.de\/index.php?rest_route=\/wp\/v2\/pages\/25\/revisions\/925"}],"wp:attachment":[{"href":"https:\/\/hsl.hosting-shc.de\/index.php?rest_route=%2Fwp%2Fv2%2Fmedia&parent=25"}],"curies":[{"name":"wp","href":"https:\/\/api.w.org\/{rel}","templated":true}]}}