{"id":233,"date":"2018-02-15T14:48:17","date_gmt":"2018-02-15T13:48:17","guid":{"rendered":"http:\/\/hsl.hosting-shc.de\/?page_id=233"},"modified":"2021-06-27T11:13:16","modified_gmt":"2021-06-27T10:13:16","slug":"mitglied-werden","status":"publish","type":"page","link":"https:\/\/hsl.hosting-shc.de\/?page_id=233","title":{"rendered":"Mitglied werden"},"content":{"rendered":"<section class=\"article-content clearfix\">\n<h1>Mitglied werden<\/h1>\n<p>Wir w\u00fcrden uns sehr freuen, Sie als neues Mitglied bei den Harmonika-Freunden 1936 e.V. begr\u00fc\u00dfen zu d\u00fcrfen.<\/p>\n<p><strong>Sie unterst\u00fctzen dadurch die ehrenamtliche Arbeit unseres Vereins.<\/strong> Kinder und Jugendliche werden als Jugendmitglied in den Verein aufgenommen.<\/p>\n<p>Bitte drucken Sie die\u00a0Beitrittserkl\u00e4rung aus und werfen Sie diese ausgef\u00fcllt in den Briefkasten beim Eingang unserer Vereinsr\u00e4ume oder senden Sie uns die Formulare per Post oder per E-Mail:<\/p>\n<p>Harmonika Spielring 1962 e.V.<br \/>\nBlumenstra\u00dfe 56<br \/>\n76344 Eggenstein-Leopoldshafen<br \/>\nE-Mail: <a href=\"mailto:vorstand@harmonika-leo.de\">vorstand@harmonika-leo.de<\/a><\/p>\n<p>Die Aufnahme in den Verein best\u00e4tigen wir Ihnen per E-Mail.<\/p>\n<p><strong>Weitere Informationen<\/strong><\/p>\n<p style=\"margin: 0cm; margin-bottom: .0001pt;\"><span style=\"font-family: 'Arial','sans-serif'; font-weight: normal;\">Mitglieder\/Jugendmitglieder erhalten eine Erm\u00e4\u00dfigung auf die Unterrichtsgeb\u00fchren.<\/span><\/p>\n<p style=\"margin: 0cm; margin-bottom: .0001pt;\"><span style=\"font-family: 'Arial','sans-serif'; font-weight: normal;\">F\u00fcr weitere Informationen stehen wir Ihnen auch gerne pers\u00f6nlich unter Tel. 0721\/700393 zur Verf\u00fcgung.<\/span><\/p>\n<p><strong>Anmelde-Unterlagen:<\/strong><\/p>\n<p><a href=\"https:\/\/hsl.hosting-shc.de\/wp-content\/uploads\/2018\/03\/Beitrittserkl\u00e4rung-SEPA.pdf\">Beitrittserkl\u00e4rung<\/a><br \/>\n<a href=\"https:\/\/hsl.hosting-shc.de\/wp-content\/uploads\/2018\/02\/Beitragsordnung-1.pdf\">Beitragsordnung<\/a><br \/>\nVereinssatzung<\/p>\n<\/section>\n","protected":false},"excerpt":{"rendered":"<p>Mitglied werden Wir w\u00fcrden uns sehr freuen, Sie als neues Mitglied bei den Harmonika-Freunden 1936 e.V. begr\u00fc\u00dfen zu d\u00fcrfen. Sie unterst\u00fctzen dadurch die ehrenamtliche Arbeit unseres Vereins. Kinder und Jugendliche werden als Jugendmitglied in den Verein aufgenommen. Bitte drucken Sie<\/p>\n","protected":false},"author":1,"featured_media":0,"parent":0,"menu_order":0,"comment_status":"closed","ping_status":"closed","template":"","meta":[],"_links":{"self":[{"href":"https:\/\/hsl.hosting-shc.de\/index.php?rest_route=\/wp\/v2\/pages\/233"}],"collection":[{"href":"https:\/\/hsl.hosting-shc.de\/index.php?rest_route=\/wp\/v2\/pages"}],"about":[{"href":"https:\/\/hsl.hosting-shc.de\/index.php?rest_route=\/wp\/v2\/types\/page"}],"author":[{"embeddable":true,"href":"https:\/\/hsl.hosting-shc.de\/index.php?rest_route=\/wp\/v2\/users\/1"}],"replies":[{"embeddable":true,"href":"https:\/\/hsl.hosting-shc.de\/index.php?rest_route=%2Fwp%2Fv2%2Fcomments&post=233"}],"version-history":[{"count":11,"href":"https:\/\/hsl.hosting-shc.de\/index.php?rest_route=\/wp\/v2\/pages\/233\/revisions"}],"predecessor-version":[{"id":916,"href":"https:\/\/hsl.hosting-shc.de\/index.php?rest_route=\/wp\/v2\/pages\/233\/revisions\/916"}],"wp:attachment":[{"href":"https:\/\/hsl.hosting-shc.de\/index.php?rest_route=%2Fwp%2Fv2%2Fmedia&parent=233"}],"curies":[{"name":"wp","href":"https:\/\/api.w.org\/{rel}","templated":true}]}}