{"id":22,"date":"2017-11-24T07:14:57","date_gmt":"2017-11-24T07:14:57","guid":{"rendered":"http:\/\/hsl.hosting-shc.de\/?page_id=22"},"modified":"2023-09-22T13:38:21","modified_gmt":"2023-09-22T12:38:21","slug":"unterricht","status":"publish","type":"page","link":"https:\/\/hsl.hosting-shc.de\/?page_id=22","title":{"rendered":"Unterricht"},"content":{"rendered":"<div id=\"pl-22\"  class=\"panel-layout\" ><div id=\"pg-22-0\"  class=\"panel-grid panel-no-style\" ><div id=\"pgc-22-0-0\"  class=\"panel-grid-cell\" ><div id=\"panel-22-0-0-0\" class=\"so-panel widget widget_text panel-first-child panel-last-child\" data-index=\"0\" >\t\t\t<div class=\"textwidget\"><p>Der Verein hat sich die breite, fundierte musikalische Bildung der Musiksch\u00fcler\/innen zur Aufgabe gemacht. Besonderen Wert legen wir auf eine erfolgreiche Musikausbildung durch<strong> erprobte Unterrichtsmethodik mit hochqualifizierten, professionellen Musikp\u00e4dagogen<\/strong>.<\/p>\n<p>Ebenso steht der soziale Aspekt des Musizierens f\u00fcr <strong>Kinder, Jugendliche, Erwachsene und Senioren<\/strong> im Mittelpunkt.<\/p>\n<p>Die Teilnahme an regionalen \/ \u00fcberregionalen Wettbewerben wie z. B. &#8220;Jugend musiziert&#8221; ist m\u00f6glich und wird gef\u00f6rdert.<br \/>\nSch\u00fclervorspiele, Jugendkonzerte, Ensembles und Musizierkreise runden unsere musikalische Arbeit ab.<\/p>\n<p>F\u00fcr die Organisation und Koordination der musikalischen Ausbildung ist Conny Heger zust\u00e4ndig. Umfassende Informationen erhalten Sie hier:<\/p>\n<p>Tel. 07247\/3827<\/p>\n<p>E-Mail:\u00a0 <a href=\"mailto:unterricht@hsl.hosting-shc.de\">unterricht@hsl.hosting-shc.de<\/a><\/p>\n<\/div>\n\t\t<\/div><\/div><\/div><\/div>","protected":false},"excerpt":{"rendered":"<p>Der Verein hat sich die breite, fundierte musikalische Bildung der Musiksch\u00fcler\/innen zur Aufgabe gemacht. Besonderen Wert legen wir auf eine erfolgreiche Musikausbildung durch erprobte Unterrichtsmethodik mit hochqualifizierten, professionellen Musikp\u00e4dagogen. Ebenso steht der soziale Aspekt des Musizierens f\u00fcr Kinder, Jugendliche, Erwachsene<\/p>\n","protected":false},"author":1,"featured_media":0,"parent":0,"menu_order":1,"comment_status":"closed","ping_status":"closed","template":"","meta":[],"_links":{"self":[{"href":"https:\/\/hsl.hosting-shc.de\/index.php?rest_route=\/wp\/v2\/pages\/22"}],"collection":[{"href":"https:\/\/hsl.hosting-shc.de\/index.php?rest_route=\/wp\/v2\/pages"}],"about":[{"href":"https:\/\/hsl.hosting-shc.de\/index.php?rest_route=\/wp\/v2\/types\/page"}],"author":[{"embeddable":true,"href":"https:\/\/hsl.hosting-shc.de\/index.php?rest_route=\/wp\/v2\/users\/1"}],"replies":[{"embeddable":true,"href":"https:\/\/hsl.hosting-shc.de\/index.php?rest_route=%2Fwp%2Fv2%2Fcomments&post=22"}],"version-history":[{"count":12,"href":"https:\/\/hsl.hosting-shc.de\/index.php?rest_route=\/wp\/v2\/pages\/22\/revisions"}],"predecessor-version":[{"id":1408,"href":"https:\/\/hsl.hosting-shc.de\/index.php?rest_route=\/wp\/v2\/pages\/22\/revisions\/1408"}],"wp:attachment":[{"href":"https:\/\/hsl.hosting-shc.de\/index.php?rest_route=%2Fwp%2Fv2%2Fmedia&parent=22"}],"curies":[{"name":"wp","href":"https:\/\/api.w.org\/{rel}","templated":true}]}}