{"id":160,"date":"2017-11-30T00:06:43","date_gmt":"2017-11-29T23:06:43","guid":{"rendered":"http:\/\/hsl.hosting-shc.de\/?page_id=160"},"modified":"2021-06-18T23:06:23","modified_gmt":"2021-06-18T22:06:23","slug":"akustische-gitarre","status":"publish","type":"page","link":"https:\/\/hsl.hosting-shc.de\/?page_id=160","title":{"rendered":"Akustische Gitarre"},"content":{"rendered":"\t\t<div data-elementor-type=\"wp-page\" data-elementor-id=\"160\" class=\"elementor elementor-160\" data-elementor-settings=\"[]\">\n\t\t\t\t\t\t<div class=\"elementor-inner\">\n\t\t\t\t\t\t\t<div class=\"elementor-section-wrap\">\n\t\t\t\t\t\t\t<section class=\"elementor-section elementor-top-section elementor-element elementor-element-1e02407 elementor-section-boxed elementor-section-height-default elementor-section-height-default\" data-id=\"1e02407\" data-element_type=\"section\">\n\t\t\t\t\t\t<div class=\"elementor-container elementor-column-gap-no\">\n\t\t\t\t\t\t\t<div class=\"elementor-row\">\n\t\t\t\t\t<div class=\"elementor-column elementor-col-66 elementor-top-column elementor-element elementor-element-34877ac\" data-id=\"34877ac\" data-element_type=\"column\">\n\t\t\t<div class=\"elementor-column-wrap elementor-element-populated\">\n\t\t\t\t\t\t\t<div class=\"elementor-widget-wrap\">\n\t\t\t\t\t\t<div class=\"elementor-element elementor-element-fe9309b elementor-widget elementor-widget-text-editor\" data-id=\"fe9309b\" data-element_type=\"widget\" data-widget_type=\"text-editor.default\">\n\t\t\t\t<div class=\"elementor-widget-container\">\n\t\t\t\t\t\t\t\t<div class=\"elementor-text-editor elementor-clearfix\">\n\t\t\t\t<p>Historisch betrachtet z\u00e4hlt die akustische Gitarre zu den \u00e4ltesten Musikinstrumenten der Menschheit. Heute ist sie <strong>in allen Altersgruppen sehr beliebt<\/strong>.<\/p><p>Sie eignet sich hervorragend sowohl <strong>f\u00fcr solistische Interpretation<\/strong> als auch<strong> f\u00fcr das gemeinsame Musizieren, f\u00fcr Liedbegleitung, <\/strong>Klanggeschichten, Spiele und T\u00e4nze in unersch\u00f6pflicher Vielfalt.<br \/>Unser Unterrichtsangebot deckt alle musikalischen M\u00f6glichkeiten der Gitarre ab:<\/p><p><strong>Die klassische Ausbildung <\/strong>mit der Konzertgitarre (mit Nylonsaiten)<\/p><p>Im<strong> Einzelunterricht<\/strong> werden den Sch\u00fclern\/innen <strong>ab einem Alter von ca. 8 Jahren<\/strong> grundlegende Notenkenntnisse und Spieltechniken vermittelt.<\/p><p>Sie lernen die Gitarrenliteratur verschiedener Epochen und Stilrichtungen kennen.<br \/>Der musikalische Bogen spannt sich von der strengen <strong>Musik der Renaissance \u00fcber Barock, Klassik, Romantik bis hin zur experimentellen Lautmalerei der Moderne<\/strong>.<\/p><p>Auch <strong>Blues, Folk- oder Popsongs<\/strong> flie\u00dfen in das Repertoire ein.<\/p><p><strong>\u00a0<\/strong><\/p><p><strong>Die Liedbegleitung<\/strong> (Gitarren mit Nylon- oder Stahlsaiten, Westerngitarren, etc.):<\/p><p>Es werden Akkordgriffe vermittelt, mittels <strong>Griffschrift und\/oder Noten<\/strong>.<br \/>F\u00fcr eine abwechslungsreiche Liedbegleitung sorgt das Erlernen unterschiedlicher Zupf- und Schlagtechniken.<br \/><strong>Jugendliche<\/strong> k\u00f6nnen die neuesten angesagten Songs nachspielen, <strong>Erwachsene<\/strong> die Begleitung ihrer Lieblingssongs erlernen.<\/p><p><strong>P\u00e4dagogisch t\u00e4tige Teilnehmer<\/strong> erfahren neue M\u00f6glichkeiten f\u00fcr ihre Arbeit mit Kindern und Jugendlichen.\u00a0<\/p><p>Der Unterricht in diesen Kursen ist ganz auf die Bed\u00fcrfnisse der Teilnehmer ausgerichtet.<\/p><p><strong>Gitarren gibt es in unterschiedlichen Gr\u00f6\u00dfen.<\/strong><br \/> Die Gitarre sollte f\u00fcr die K\u00f6rpergr\u00f6\u00dfe des Sch\u00fclers passend ausgew\u00e4hlt werden.<\/p><p><strong>Beschaffung eines geeigneten Instruments:<\/strong><\/p><ul><li>Vereinseigene Mietinstrumente<\/li><li>M\u00f6glichkeiten und Konditionen bei Mietkauf<\/li><li>Kauf eines neuen oder gebrauchten Instruments<\/li><\/ul><p>Wir beraten Sie gerne umfassend.<\/p>\t\t\t\t\t<\/div>\n\t\t\t\t\t\t<\/div>\n\t\t\t\t<\/div>\n\t\t\t\t\t\t<\/div>\n\t\t\t\t\t<\/div>\n\t\t<\/div>\n\t\t\t\t<div class=\"elementor-column elementor-col-33 elementor-top-column elementor-element elementor-element-3295625\" data-id=\"3295625\" data-element_type=\"column\">\n\t\t\t<div class=\"elementor-column-wrap elementor-element-populated\">\n\t\t\t\t\t\t\t<div class=\"elementor-widget-wrap\">\n\t\t\t\t\t\t<div class=\"elementor-element elementor-element-9e8e39a elementor-widget elementor-widget-image\" data-id=\"9e8e39a\" data-element_type=\"widget\" data-widget_type=\"image.default\">\n\t\t\t\t<div class=\"elementor-widget-container\">\n\t\t\t\t\t\t\t\t<div class=\"elementor-image\">\n\t\t\t\t\t\t\t\t\t\t\t\t<img src=\"https:\/\/hsl.hosting-shc.de\/wp-content\/uploads\/2017\/11\/akustGitarre.jpg\" title=\"\" alt=\"\" \/>\t\t\t\t\t\t\t\t\t\t\t\t\t\t<\/div>\n\t\t\t\t\t\t<\/div>\n\t\t\t\t<\/div>\n\t\t\t\t\t\t<\/div>\n\t\t\t\t\t<\/div>\n\t\t<\/div>\n\t\t\t\t\t\t\t\t<\/div>\n\t\t\t\t\t<\/div>\n\t\t<\/section>\n\t\t\t\t<section class=\"elementor-section elementor-top-section elementor-element elementor-element-79301a8 elementor-section-boxed elementor-section-height-default elementor-section-height-default\" data-id=\"79301a8\" data-element_type=\"section\">\n\t\t\t\t\t\t<div class=\"elementor-container elementor-column-gap-default\">\n\t\t\t\t\t\t\t<div class=\"elementor-row\">\n\t\t\t\t\t<div class=\"elementor-column elementor-col-100 elementor-top-column elementor-element elementor-element-53d568b\" data-id=\"53d568b\" data-element_type=\"column\">\n\t\t\t<div class=\"elementor-column-wrap elementor-element-populated\">\n\t\t\t\t\t\t\t<div class=\"elementor-widget-wrap\">\n\t\t\t\t\t\t<div class=\"elementor-element elementor-element-67e797e elementor-widget elementor-widget-text-editor\" data-id=\"67e797e\" data-element_type=\"widget\" data-widget_type=\"text-editor.default\">\n\t\t\t\t<div class=\"elementor-widget-container\">\n\t\t\t\t\t\t\t\t<div class=\"elementor-text-editor elementor-clearfix\">\n\t\t\t\t<p><a href=\"https:\/\/hsl.hosting-shc.de\/?page_id=113\"><strong>Lehrer\/innen<\/strong><\/a><strong>\u00a0\u00a0<\/strong><\/p><p><strong><a href=\"https:\/\/hsl.hosting-shc.de\/?page_id=393\">Anfrage \/ Anmeldung<\/a><\/strong><strong>\u00a0 <br \/><\/strong><\/p>\t\t\t\t\t<\/div>\n\t\t\t\t\t\t<\/div>\n\t\t\t\t<\/div>\n\t\t\t\t\t\t<\/div>\n\t\t\t\t\t<\/div>\n\t\t<\/div>\n\t\t\t\t\t\t\t\t<\/div>\n\t\t\t\t\t<\/div>\n\t\t<\/section>\n\t\t\t\t\t\t<\/div>\n\t\t\t\t\t\t<\/div>\n\t\t\t\t\t<\/div>\n\t\t","protected":false},"excerpt":{"rendered":"<p>Historisch betrachtet z\u00e4hlt die akustische Gitarre zu den \u00e4ltesten Musikinstrumenten der Menschheit. Heute ist sie in allen Altersgruppen sehr beliebt. Sie eignet sich hervorragend sowohl f\u00fcr solistische Interpretation als auch f\u00fcr das gemeinsame Musizieren, f\u00fcr Liedbegleitung, Klanggeschichten, Spiele und T\u00e4nze<\/p>\n","protected":false},"author":1,"featured_media":0,"parent":0,"menu_order":0,"comment_status":"closed","ping_status":"closed","template":"","meta":[],"_links":{"self":[{"href":"https:\/\/hsl.hosting-shc.de\/index.php?rest_route=\/wp\/v2\/pages\/160"}],"collection":[{"href":"https:\/\/hsl.hosting-shc.de\/index.php?rest_route=\/wp\/v2\/pages"}],"about":[{"href":"https:\/\/hsl.hosting-shc.de\/index.php?rest_route=\/wp\/v2\/types\/page"}],"author":[{"embeddable":true,"href":"https:\/\/hsl.hosting-shc.de\/index.php?rest_route=\/wp\/v2\/users\/1"}],"replies":[{"embeddable":true,"href":"https:\/\/hsl.hosting-shc.de\/index.php?rest_route=%2Fwp%2Fv2%2Fcomments&post=160"}],"version-history":[{"count":10,"href":"https:\/\/hsl.hosting-shc.de\/index.php?rest_route=\/wp\/v2\/pages\/160\/revisions"}],"predecessor-version":[{"id":913,"href":"https:\/\/hsl.hosting-shc.de\/index.php?rest_route=\/wp\/v2\/pages\/160\/revisions\/913"}],"wp:attachment":[{"href":"https:\/\/hsl.hosting-shc.de\/index.php?rest_route=%2Fwp%2Fv2%2Fmedia&parent=160"}],"curies":[{"name":"wp","href":"https:\/\/api.w.org\/{rel}","templated":true}]}}